{"id":2865,"date":"2019-04-26T15:27:05","date_gmt":"2019-04-26T13:27:05","guid":{"rendered":"http:\/\/forrestgroup.lademo.be\/informations-legales\/"},"modified":"2019-07-22T14:51:26","modified_gmt":"2019-07-22T12:51:26","slug":"legal-information","status":"publish","type":"page","link":"https:\/\/forrestgroup.lademo.be\/en\/legal-information\/","title":{"rendered":"Legal information"},"content":{"rendered":"<p>Ce site est la propri\u00e9t\u00e9 du GROUPE FORREST INTERNATIONAL S.A. (d\u00e9sign\u00e9 comme \u00ab GFI S.A.\u00bb, \u00abnous\u00bb, \u00abnotre\u00bb ou \u00abn\u00f4tre\u00bb). Ses pages sont publi\u00e9es par GFI S.A.<\/p>\n<p>GFI S.A. s&#8217;efforce de v\u00e9rifier l&#8217;exactitude des informations fournies sur son site web. Cependant, GFI S.A. ne garantit pas et ne peut \u00eatre tenu responsable de son exactitude. GFI S.A. d\u00e9cline toute responsabilit\u00e9 pour toute erreur ou omission.<\/p>\n<p>GFI S.A. vous recommande de prendre les mesures appropri\u00e9es pour v\u00e9rifier les informations publi\u00e9es sur son site web.<\/p>\n<p>GFI S.A. se r\u00e9serve le droit de modifier les conditions d&#8217;utilisation \u00e0 tout moment.<\/p>\n<p>Si vous avez des questions sur notre politique en ligne, veuillez nous contacter en remplissant notre formulaire \u00e9lectronique accessible sur la page de \u00ab<a href=\"http:\/\/forrestgroup.lademo.be\/en\/contact\/\" target=\"_blank\" rel=\"noopener noreferrer\">Contact<\/a>\u00bb.<\/p>\n","protected":false},"excerpt":{"rendered":"<p>Ce site est la propri\u00e9t\u00e9 du GROUPE FORREST INTERNATIONAL S.A. (d\u00e9sign\u00e9 comme \u00ab GFI S.A.\u00bb, \u00abnous\u00bb, \u00abnotre\u00bb ou \u00abn\u00f4tre\u00bb). Ses [&hellip;]<\/p>\n","protected":false},"author":1,"featured_media":0,"parent":0,"menu_order":0,"comment_status":"closed","ping_status":"closed","template":"","meta":{"_acf_changed":false,"footnotes":""},"class_list":["post-2865","page","type-page","status-publish","hentry"],"acf":[],"_links":{"self":[{"href":"https:\/\/forrestgroup.lademo.be\/en\/wp-json\/wp\/v2\/pages\/2865","targetHints":{"allow":["GET"]}}],"collection":[{"href":"https:\/\/forrestgroup.lademo.be\/en\/wp-json\/wp\/v2\/pages"}],"about":[{"href":"https:\/\/forrestgroup.lademo.be\/en\/wp-json\/wp\/v2\/types\/page"}],"author":[{"embeddable":true,"href":"https:\/\/forrestgroup.lademo.be\/en\/wp-json\/wp\/v2\/users\/1"}],"replies":[{"embeddable":true,"href":"https:\/\/forrestgroup.lademo.be\/en\/wp-json\/wp\/v2\/comments?post=2865"}],"version-history":[{"count":2,"href":"https:\/\/forrestgroup.lademo.be\/en\/wp-json\/wp\/v2\/pages\/2865\/revisions"}],"predecessor-version":[{"id":2868,"href":"https:\/\/forrestgroup.lademo.be\/en\/wp-json\/wp\/v2\/pages\/2865\/revisions\/2868"}],"wp:attachment":[{"href":"https:\/\/forrestgroup.lademo.be\/en\/wp-json\/wp\/v2\/media?parent=2865"}],"curies":[{"name":"wp","href":"https:\/\/api.w.org\/{rel}","templated":true}]}}